{"id":52,"date":"2025-03-26T07:24:43","date_gmt":"2025-03-26T07:24:43","guid":{"rendered":"https:\/\/pcti.us.edu.pl\/?page_id=52"},"modified":"2025-05-28T18:25:38","modified_gmt":"2025-05-28T18:25:38","slug":"scientific-committee","status":"publish","type":"page","link":"https:\/\/pcti.us.edu.pl\/index.php\/scientific-committee\/","title":{"rendered":"Scientific Committee"},"content":{"rendered":"\n<p class=\"has-text-align-center\"><br>Dr hab. Adam Wojtaszek, Prof. U\u015a<br>(University of Silesia in Katowice, Poland)<\/p>\n\n\n\n<p class=\"has-text-align-center\"><br>Dr hab. Ewa Gumul, Prof. U\u015a<br>(University of Silesia in Katowice, Poland)<\/p>\n\n\n\n<p class=\"has-text-align-center\"><br>Dr hab. Agnieszka Solska, Prof. U\u015a<br>(University of Silesia in Katowice, Poland)<\/p>\n\n\n\n<p class=\"has-text-align-center\"><br>Dr Katarzyna Ba\u0144ka-Or\u0142owska<br>(University of Silesia in Katowice, Poland)<\/p>\n\n\n\n<p class=\"has-text-align-center\"><br>Dr Joanna Ryszka<br>(University of Silesia in Katowice, Poland)<\/p>\n\n\n\n<p><\/p>\n\n\n\n<figure class=\"wp-block-image size-large\"><img loading=\"lazy\" decoding=\"async\" width=\"1024\" height=\"307\" src=\"https:\/\/pcti.us.edu.pl\/wp-content\/uploads\/2025\/03\/Tekst-akapitu-1-5-1024x307.png\" alt=\"\" class=\"wp-image-116\" srcset=\"https:\/\/pcti.us.edu.pl\/wp-content\/uploads\/2025\/03\/Tekst-akapitu-1-5-1024x307.png 1024w, https:\/\/pcti.us.edu.pl\/wp-content\/uploads\/2025\/03\/Tekst-akapitu-1-5-300x90.png 300w, https:\/\/pcti.us.edu.pl\/wp-content\/uploads\/2025\/03\/Tekst-akapitu-1-5-768x230.png 768w, https:\/\/pcti.us.edu.pl\/wp-content\/uploads\/2025\/03\/Tekst-akapitu-1-5-1536x461.png 1536w, https:\/\/pcti.us.edu.pl\/wp-content\/uploads\/2025\/03\/Tekst-akapitu-1-5-2048x614.png 2048w\" sizes=\"auto, (max-width: 1024px) 100vw, 1024px\" \/><\/figure>\n","protected":false},"excerpt":{"rendered":"<p>Dr hab. Adam Wojtaszek, Prof. U\u015a(University of Silesia in Katowice, Poland) Dr hab. Ewa Gumul, Prof. U\u015a(University of Silesia in Katowice, Poland) Dr hab. Agnieszka Solska, Prof. U\u015a(University of Silesia in Katowice, Poland) Dr Katarzyna Ba\u0144ka-Or\u0142owska(University of Silesia in Katowice, Poland) Dr Joanna Ryszka(University of Silesia in Katowice, Poland)<\/p>\n","protected":false},"author":1,"featured_media":0,"parent":0,"menu_order":0,"comment_status":"closed","ping_status":"closed","template":"","meta":{"footnotes":""},"class_list":["post-52","page","type-page","status-publish","hentry"],"yoast_head":"<!-- This site is optimized with the Yoast SEO plugin v24.7 - https:\/\/yoast.com\/wordpress\/plugins\/seo\/ -->\n<title>Scientific Committee - HOME<\/title>\n<meta name=\"robots\" content=\"index, follow, max-snippet:-1, max-image-preview:large, max-video-preview:-1\" \/>\n<link rel=\"canonical\" href=\"https:\/\/pcti.us.edu.pl\/index.php\/scientific-committee\/\" \/>\n<meta property=\"og:locale\" content=\"pl_PL\" \/>\n<meta property=\"og:type\" content=\"article\" \/>\n<meta property=\"og:title\" content=\"Scientific Committee - HOME\" \/>\n<meta property=\"og:description\" content=\"Dr hab. Adam Wojtaszek, Prof. U\u015a(University of Silesia in Katowice, Poland) Dr hab. Ewa Gumul, Prof. U\u015a(University of Silesia in Katowice, Poland) Dr hab. Agnieszka Solska, Prof. U\u015a(University of Silesia in Katowice, Poland) Dr Katarzyna Ba\u0144ka-Or\u0142owska(University of Silesia in Katowice, Poland) Dr Joanna Ryszka(University of Silesia in Katowice, Poland)\" \/>\n<meta property=\"og:url\" content=\"https:\/\/pcti.us.edu.pl\/index.php\/scientific-committee\/\" \/>\n<meta property=\"og:site_name\" content=\"HOME\" \/>\n<meta property=\"article:modified_time\" content=\"2025-05-28T18:25:38+00:00\" \/>\n<meta property=\"og:image\" content=\"https:\/\/pcti.us.edu.pl\/wp-content\/uploads\/2025\/03\/Tekst-akapitu-1-5.png\" \/>\n\t<meta property=\"og:image:width\" content=\"11520\" \/>\n\t<meta property=\"og:image:height\" content=\"3456\" \/>\n\t<meta property=\"og:image:type\" content=\"image\/png\" \/>\n<meta name=\"twitter:card\" content=\"summary_large_image\" \/>\n<meta name=\"twitter:label1\" content=\"Szacowany czas czytania\" \/>\n\t<meta name=\"twitter:data1\" content=\"1 minuta\" \/>\n<script type=\"application\/ld+json\" class=\"yoast-schema-graph\">{\"@context\":\"https:\/\/schema.org\",\"@graph\":[{\"@type\":\"WebPage\",\"@id\":\"https:\/\/pcti.us.edu.pl\/index.php\/scientific-committee\/\",\"url\":\"https:\/\/pcti.us.edu.pl\/index.php\/scientific-committee\/\",\"name\":\"Scientific Committee - HOME\",\"isPartOf\":{\"@id\":\"https:\/\/pcti.us.edu.pl\/#website\"},\"primaryImageOfPage\":{\"@id\":\"https:\/\/pcti.us.edu.pl\/index.php\/scientific-committee\/#primaryimage\"},\"image\":{\"@id\":\"https:\/\/pcti.us.edu.pl\/index.php\/scientific-committee\/#primaryimage\"},\"thumbnailUrl\":\"https:\/\/pcti.us.edu.pl\/wp-content\/uploads\/2025\/03\/Tekst-akapitu-1-5-1024x307.png\",\"datePublished\":\"2025-03-26T07:24:43+00:00\",\"dateModified\":\"2025-05-28T18:25:38+00:00\",\"breadcrumb\":{\"@id\":\"https:\/\/pcti.us.edu.pl\/index.php\/scientific-committee\/#breadcrumb\"},\"inLanguage\":\"pl-PL\",\"potentialAction\":[{\"@type\":\"ReadAction\",\"target\":[\"https:\/\/pcti.us.edu.pl\/index.php\/scientific-committee\/\"]}]},{\"@type\":\"ImageObject\",\"inLanguage\":\"pl-PL\",\"@id\":\"https:\/\/pcti.us.edu.pl\/index.php\/scientific-committee\/#primaryimage\",\"url\":\"https:\/\/pcti.us.edu.pl\/wp-content\/uploads\/2025\/03\/Tekst-akapitu-1-5.png\",\"contentUrl\":\"https:\/\/pcti.us.edu.pl\/wp-content\/uploads\/2025\/03\/Tekst-akapitu-1-5.png\",\"width\":11520,\"height\":3456},{\"@type\":\"BreadcrumbList\",\"@id\":\"https:\/\/pcti.us.edu.pl\/index.php\/scientific-committee\/#breadcrumb\",\"itemListElement\":[{\"@type\":\"ListItem\",\"position\":1,\"name\":\"Strona g\u0142\u00f3wna\",\"item\":\"https:\/\/pcti.us.edu.pl\/\"},{\"@type\":\"ListItem\",\"position\":2,\"name\":\"Scientific Committee\"}]},{\"@type\":\"WebSite\",\"@id\":\"https:\/\/pcti.us.edu.pl\/#website\",\"url\":\"https:\/\/pcti.us.edu.pl\/\",\"name\":\"HOME\",\"description\":\"\",\"publisher\":{\"@id\":\"https:\/\/pcti.us.edu.pl\/#organization\"},\"potentialAction\":[{\"@type\":\"SearchAction\",\"target\":{\"@type\":\"EntryPoint\",\"urlTemplate\":\"https:\/\/pcti.us.edu.pl\/?s={search_term_string}\"},\"query-input\":{\"@type\":\"PropertyValueSpecification\",\"valueRequired\":true,\"valueName\":\"search_term_string\"}}],\"inLanguage\":\"pl-PL\"},{\"@type\":\"Organization\",\"@id\":\"https:\/\/pcti.us.edu.pl\/#organization\",\"name\":\"HOME\",\"url\":\"https:\/\/pcti.us.edu.pl\/\",\"logo\":{\"@type\":\"ImageObject\",\"inLanguage\":\"pl-PL\",\"@id\":\"https:\/\/pcti.us.edu.pl\/#\/schema\/logo\/image\/\",\"url\":\"https:\/\/pcti.us.edu.pl\/wp-content\/uploads\/2025\/03\/image_2025-03-26_083402569.png\",\"contentUrl\":\"https:\/\/pcti.us.edu.pl\/wp-content\/uploads\/2025\/03\/image_2025-03-26_083402569.png\",\"width\":1280,\"height\":720,\"caption\":\"HOME\"},\"image\":{\"@id\":\"https:\/\/pcti.us.edu.pl\/#\/schema\/logo\/image\/\"}}]}<\/script>\n<!-- \/ Yoast SEO plugin. -->","yoast_head_json":{"title":"Scientific Committee - HOME","robots":{"index":"index","follow":"follow","max-snippet":"max-snippet:-1","max-image-preview":"max-image-preview:large","max-video-preview":"max-video-preview:-1"},"canonical":"https:\/\/pcti.us.edu.pl\/index.php\/scientific-committee\/","og_locale":"pl_PL","og_type":"article","og_title":"Scientific Committee - HOME","og_description":"Dr hab. Adam Wojtaszek, Prof. U\u015a(University of Silesia in Katowice, Poland) Dr hab. Ewa Gumul, Prof. U\u015a(University of Silesia in Katowice, Poland) Dr hab. Agnieszka Solska, Prof. U\u015a(University of Silesia in Katowice, Poland) Dr Katarzyna Ba\u0144ka-Or\u0142owska(University of Silesia in Katowice, Poland) Dr Joanna Ryszka(University of Silesia in Katowice, Poland)","og_url":"https:\/\/pcti.us.edu.pl\/index.php\/scientific-committee\/","og_site_name":"HOME","article_modified_time":"2025-05-28T18:25:38+00:00","og_image":[{"width":11520,"height":3456,"url":"https:\/\/pcti.us.edu.pl\/wp-content\/uploads\/2025\/03\/Tekst-akapitu-1-5.png","type":"image\/png"}],"twitter_card":"summary_large_image","twitter_misc":{"Szacowany czas czytania":"1 minuta"},"schema":{"@context":"https:\/\/schema.org","@graph":[{"@type":"WebPage","@id":"https:\/\/pcti.us.edu.pl\/index.php\/scientific-committee\/","url":"https:\/\/pcti.us.edu.pl\/index.php\/scientific-committee\/","name":"Scientific Committee - HOME","isPartOf":{"@id":"https:\/\/pcti.us.edu.pl\/#website"},"primaryImageOfPage":{"@id":"https:\/\/pcti.us.edu.pl\/index.php\/scientific-committee\/#primaryimage"},"image":{"@id":"https:\/\/pcti.us.edu.pl\/index.php\/scientific-committee\/#primaryimage"},"thumbnailUrl":"https:\/\/pcti.us.edu.pl\/wp-content\/uploads\/2025\/03\/Tekst-akapitu-1-5-1024x307.png","datePublished":"2025-03-26T07:24:43+00:00","dateModified":"2025-05-28T18:25:38+00:00","breadcrumb":{"@id":"https:\/\/pcti.us.edu.pl\/index.php\/scientific-committee\/#breadcrumb"},"inLanguage":"pl-PL","potentialAction":[{"@type":"ReadAction","target":["https:\/\/pcti.us.edu.pl\/index.php\/scientific-committee\/"]}]},{"@type":"ImageObject","inLanguage":"pl-PL","@id":"https:\/\/pcti.us.edu.pl\/index.php\/scientific-committee\/#primaryimage","url":"https:\/\/pcti.us.edu.pl\/wp-content\/uploads\/2025\/03\/Tekst-akapitu-1-5.png","contentUrl":"https:\/\/pcti.us.edu.pl\/wp-content\/uploads\/2025\/03\/Tekst-akapitu-1-5.png","width":11520,"height":3456},{"@type":"BreadcrumbList","@id":"https:\/\/pcti.us.edu.pl\/index.php\/scientific-committee\/#breadcrumb","itemListElement":[{"@type":"ListItem","position":1,"name":"Strona g\u0142\u00f3wna","item":"https:\/\/pcti.us.edu.pl\/"},{"@type":"ListItem","position":2,"name":"Scientific Committee"}]},{"@type":"WebSite","@id":"https:\/\/pcti.us.edu.pl\/#website","url":"https:\/\/pcti.us.edu.pl\/","name":"HOME","description":"","publisher":{"@id":"https:\/\/pcti.us.edu.pl\/#organization"},"potentialAction":[{"@type":"SearchAction","target":{"@type":"EntryPoint","urlTemplate":"https:\/\/pcti.us.edu.pl\/?s={search_term_string}"},"query-input":{"@type":"PropertyValueSpecification","valueRequired":true,"valueName":"search_term_string"}}],"inLanguage":"pl-PL"},{"@type":"Organization","@id":"https:\/\/pcti.us.edu.pl\/#organization","name":"HOME","url":"https:\/\/pcti.us.edu.pl\/","logo":{"@type":"ImageObject","inLanguage":"pl-PL","@id":"https:\/\/pcti.us.edu.pl\/#\/schema\/logo\/image\/","url":"https:\/\/pcti.us.edu.pl\/wp-content\/uploads\/2025\/03\/image_2025-03-26_083402569.png","contentUrl":"https:\/\/pcti.us.edu.pl\/wp-content\/uploads\/2025\/03\/image_2025-03-26_083402569.png","width":1280,"height":720,"caption":"HOME"},"image":{"@id":"https:\/\/pcti.us.edu.pl\/#\/schema\/logo\/image\/"}}]}},"_links":{"self":[{"href":"https:\/\/pcti.us.edu.pl\/index.php\/wp-json\/wp\/v2\/pages\/52","targetHints":{"allow":["GET"]}}],"collection":[{"href":"https:\/\/pcti.us.edu.pl\/index.php\/wp-json\/wp\/v2\/pages"}],"about":[{"href":"https:\/\/pcti.us.edu.pl\/index.php\/wp-json\/wp\/v2\/types\/page"}],"author":[{"embeddable":true,"href":"https:\/\/pcti.us.edu.pl\/index.php\/wp-json\/wp\/v2\/users\/1"}],"replies":[{"embeddable":true,"href":"https:\/\/pcti.us.edu.pl\/index.php\/wp-json\/wp\/v2\/comments?post=52"}],"version-history":[{"count":4,"href":"https:\/\/pcti.us.edu.pl\/index.php\/wp-json\/wp\/v2\/pages\/52\/revisions"}],"predecessor-version":[{"id":137,"href":"https:\/\/pcti.us.edu.pl\/index.php\/wp-json\/wp\/v2\/pages\/52\/revisions\/137"}],"wp:attachment":[{"href":"https:\/\/pcti.us.edu.pl\/index.php\/wp-json\/wp\/v2\/media?parent=52"}],"curies":[{"name":"wp","href":"https:\/\/api.w.org\/{rel}","templated":true}]}}